{"id":386,"date":"2020-05-08T08:13:41","date_gmt":"2020-05-08T08:13:41","guid":{"rendered":"https:\/\/stockholm28.qodeinteractive.com\/?page_id=6"},"modified":"2020-05-08T08:13:41","modified_gmt":"2020-05-08T08:13:41","slug":"main-home","status":"publish","type":"page","link":"https:\/\/instlam.org\/index.php\/main-home\/","title":{"rendered":"Home"},"content":{"rendered":"<script>console.log(\": Slider with alias main-home-slider-1 not found.\")<\/script>\n\n<style>\/*! elementor - v3.23.0 - 05-08-2024 *\/\n.elementor-heading-title{padding:0;margin:0;line-height:1}.elementor-widget-heading .elementor-heading-title[class*=elementor-size-]>a{color:inherit;font-size:inherit;line-height:inherit}.elementor-widget-heading .elementor-heading-title.elementor-size-small{font-size:15px}.elementor-widget-heading .elementor-heading-title.elementor-size-medium{font-size:19px}.elementor-widget-heading .elementor-heading-title.elementor-size-large{font-size:29px}.elementor-widget-heading .elementor-heading-title.elementor-size-xl{font-size:39px}.elementor-widget-heading .elementor-heading-title.elementor-size-xxl{font-size:59px}<\/style>\n<h3>\u00daLTIMAS PUBLICA\u00c7\u00d5ES<\/h3>\n<article data-id=\"1626\">\n<header>\n<h2><a\n                        href=\"https:\/\/instlam.org\/publications\/analise-israel-a-caminho-do-fascismo\/\"\n                        title=\"An\u00e1lise: Israel a caminho do fascismo\">An\u00e1lise: Israel a caminho do fascismo<\/a><\/h2>\n<\/header>\n<p><time datetime=\"novembro 30, 2023\">novembro 30, 2023<\/time><\/p>\n<p>Aida Touma, deputada censurada e suspensa do Knesset por criticar&#8230;<\/p>\n<p><a\n                            href=\"https:\/\/instlam.org\/publications\/analise-israel-a-caminho-do-fascismo\/\"\n                           >Leia Mais&#8230;<\/a><br \/>\n    <\/article>\n<article data-id=\"1630\">\n<header>\n<h2><a\n                        href=\"https:\/\/instlam.org\/publications\/joe-biden-em-israel\/\"\n                        title=\"Joe Biden em Israel\">Joe Biden em Israel<\/a><\/h2>\n<\/header>\n<p><time datetime=\"outubro 18, 2023\">outubro 18, 2023<\/time><\/p>\n<p>Por\u00a0GIANCARLO SUMMA*, para o A Terra \u00e9 Redonda Na Faixa&#8230;<\/p>\n<p><a\n                            href=\"https:\/\/instlam.org\/publications\/joe-biden-em-israel\/\"\n                           >Leia Mais&#8230;<\/a><br \/>\n    <\/article>\n<article data-id=\"1462\">\n            <a href=\"https:\/\/instlam.org\/publications\/analise-a-crise-da-onu-e-do-sistema-multilateral-brasil-nao-deve-tomar-partido-na-disputa-entre-eua-e-china\/\"><\/a><br \/>\n                <img loading=\"lazy\" width=\"50\" height=\"50\" src=\"http:\/\/instlam.org\/wp-content\/uploads\/2023\/11\/icons8-perigo-50.png\" alt=\"\" decoding=\"async\" \/><\/p>\n<header>\n<h2><a\n                        href=\"https:\/\/instlam.org\/publications\/analise-a-crise-da-onu-e-do-sistema-multilateral-brasil-nao-deve-tomar-partido-na-disputa-entre-eua-e-china\/\"\n                        title=\"An\u00e1lise: A crise da ONU e do sistema multilateral; Brasil n\u00e3o deve tomar partido na disputa entre EUA e China\">An\u00e1lise: A crise da ONU e do sistema multilateral; Brasil n\u00e3o deve tomar partido na disputa entre EUA e China<\/a><\/h2>\n<\/header>\n<p><time datetime=\"setembro 27, 2023\">setembro 27, 2023<\/time><\/p>\n<p>Publicado no The Conversation Monica Herz e Giancarlo Summa O&#8230;<\/p>\n<p><a\n                            href=\"https:\/\/instlam.org\/publications\/analise-a-crise-da-onu-e-do-sistema-multilateral-brasil-nao-deve-tomar-partido-na-disputa-entre-eua-e-china\/\"\n                           >Leia Mais&#8230;<\/a><br \/>\n    <\/article>\n<article data-id=\"1355\">\n            <a href=\"https:\/\/instlam.org\/publications\/o-processo-de-acessao-do-brasil-a-ocde-ao-final-do-governo-bolsonaro\/\"><\/a><br \/>\n                <img loading=\"lazy\" width=\"50\" height=\"50\" src=\"http:\/\/instlam.org\/wp-content\/uploads\/2023\/07\/icons8-em-alta-50.png\" alt=\"\" decoding=\"async\" \/><\/p>\n<header>\n<h2><a\n                        href=\"https:\/\/instlam.org\/publications\/o-processo-de-acessao-do-brasil-a-ocde-ao-final-do-governo-bolsonaro\/\"\n                        title=\"O processo de acess\u00e3o do Brasil \u00e0 OCDE ao final do governo Bolsonaro\">O processo de acess\u00e3o do Brasil \u00e0 OCDE ao final do governo Bolsonaro<\/a><\/h2>\n<\/header>\n<p><time datetime=\"julho 27, 2023\">julho 27, 2023<\/time><\/p>\n<p>Confira aqui o artigo da pesquisadora Flavia de Campos Mello&#8230;<\/p>\n<p><a\n                            href=\"https:\/\/instlam.org\/publications\/o-processo-de-acessao-do-brasil-a-ocde-ao-final-do-governo-bolsonaro\/\"\n                           >Leia Mais&#8230;<\/a><br \/>\n    <\/article>\n<p>                <button id=\"eael-load-more-btn-3d0e579\" data-widget-id=\"3d0e579\" data-widget=\"3d0e579\" data-page-id=\"386\" data-template=\"{&quot;dir&quot;:&quot;lite&quot;,&quot;file_name&quot;:&quot;default.php&quot;,&quot;name&quot;:&quot;Post-Grid&quot;}\" data-class=\"Essential_Addons_ElementorElementsPost_Grid\" data-layout=\"masonry\" data-page=\"1\" data-args=\"orderby=date&amp;order=desc&amp;ignore_sticky_posts=1&amp;post_status=publish&amp;posts_per_page=4&amp;offset=0&amp;post_type=publicacoes\" data-max-page=\"2\"><br \/>\n                    Load More<br \/>\n                <\/button><\/p>\n<h3>PROJETOS<\/h3>\n<style>\/*! elementor - v3.23.0 - 05-08-2024 *\/\n.elementor-widget-image{text-align:center}.elementor-widget-image a{display:inline-block}.elementor-widget-image a img[src$=\".svg\"]{width:48px}.elementor-widget-image img{vertical-align:middle;display:inline-block}<\/style>\n<p>\t\t\t\t\t\t\t\t\t\t<img loading=\"lazy\" decoding=\"async\" width=\"300\" height=\"95\" src=\"http:\/\/instlam.org\/wp-content\/uploads\/2023\/07\/mudral-300x95.png\" alt=\"\" srcset=\"https:\/\/instlam.org\/wp-content\/uploads\/2023\/07\/mudral-300x95.png 300w, https:\/\/instlam.org\/wp-content\/uploads\/2023\/07\/mudral.png 701w\" sizes=\"auto, (max-width: 300px) 100vw, 300px\" \/>\t\t\t\t\t\t\t\t\t\t\t\t\t<\/p>\n<p>PROJETO MUDRAL<\/p>\n<p>Multilateralismo e a Direita Radical na Am\u00e9rica Latina<\/p>\n<p>\t\t\t\t\t\t\t<a href=\"\/projects\/mudral\" id=\"\"><br \/>\n\t\t\t\t\tConhe\u00e7a\t\t\t\t<\/a><\/p>\n<h2>Receba nossas novidades<\/h2>\n<form id=\"wpr-mailchimp-form-711a507c\" method=\"POST\" data-list-id=\"1532c9dffa\" data-clear-fields=\"\">\n\t\t\t<!-- Form Header --><br \/>\n\t\t\t\t<!-- Email Input --><br \/>\n\t\t\t\t\t\t\t\t\t\t<input type=\"email\" name=\"wpr_mailchimp_email\" placeholder=\"email@dominio.com.br\" required=\"required\"><br \/>\n\t\t\t\t<!-- Extra Fields --><br \/>\n\t\t\t\t<!-- Subscribe Button --><br \/>\n\t\t\t\t\t<button type=\"submit\" id=\"wpr-subscribe-711a507c\" data-loading=\"Assinando...\"><br \/>\n\t\t\t\t  \t\tAssinar\t\t\t\t\t<\/button><br \/>\n\t\t\t<!-- Success\/Error Message --><br \/>\n\t\t\t\tVoc\u00ea foi inscrito com sucesso!<br \/>\n\t\t\t\tOps! Alguma coisa deu errado. Por favor tente outra vez.<br \/>\n\t\t<\/form>\n<h2>Conhe\u00e7a os nossos<\/h2>\n<h2>Apoiadores<\/h2>\n<figure>\n                    <img loading=\"lazy\" width=\"600\" height=\"400\" src=\"http:\/\/instlam.org\/wp-content\/uploads\/2023\/07\/pub-rio.png\" alt=\"\" decoding=\"async\" srcset=\"https:\/\/instlam.org\/wp-content\/uploads\/2023\/07\/pub-rio.png 600w, https:\/\/instlam.org\/wp-content\/uploads\/2023\/07\/pub-rio-300x200.png 300w\" sizes=\"auto, (max-width: 600px) 100vw, 600px\" \/>                    <\/figure>\n<figure>\n                    <img loading=\"lazy\" width=\"2306\" height=\"710\" src=\"http:\/\/instlam.org\/wp-content\/uploads\/2023\/07\/CNPq_v2017_rgb.png\" alt=\"\" decoding=\"async\" srcset=\"https:\/\/instlam.org\/wp-content\/uploads\/2023\/07\/CNPq_v2017_rgb.png 2306w, https:\/\/instlam.org\/wp-content\/uploads\/2023\/07\/CNPq_v2017_rgb-300x92.png 300w, https:\/\/instlam.org\/wp-content\/uploads\/2023\/07\/CNPq_v2017_rgb-1024x315.png 1024w, https:\/\/instlam.org\/wp-content\/uploads\/2023\/07\/CNPq_v2017_rgb-768x236.png 768w, https:\/\/instlam.org\/wp-content\/uploads\/2023\/07\/CNPq_v2017_rgb-1536x473.png 1536w, https:\/\/instlam.org\/wp-content\/uploads\/2023\/07\/CNPq_v2017_rgb-2048x631.png 2048w, https:\/\/instlam.org\/wp-content\/uploads\/2023\/07\/CNPq_v2017_rgb-700x216.png 700w, https:\/\/instlam.org\/wp-content\/uploads\/2023\/07\/CNPq_v2017_rgb-1100x339.png 1100w\" sizes=\"auto, (max-width: 2306px) 100vw, 2306px\" \/>                    <\/figure>\n","protected":false},"excerpt":{"rendered":"<p>\u00daLTIMAS PUBLICA\u00c7\u00d5ES An\u00e1lise: Israel a caminho do fascismo novembro 30, 2023 Aida Touma, deputada censurada e suspensa do Knesset por criticar&#8230; Leia Mais&#8230; Joe Biden em Israel outubro 18, 2023 Por\u00a0GIANCARLO SUMMA*, para o A Terra \u00e9 Redonda Na Faixa&#8230; Leia Mais&#8230; An\u00e1lise: A crise da ONU e do sistema multilateral; Brasil n\u00e3o deve tomar&hellip;<\/p>\n","protected":false},"author":1,"featured_media":0,"parent":0,"menu_order":0,"comment_status":"closed","ping_status":"closed","template":"full_width.php","meta":{"footnotes":""},"class_list":["post-386","page","type-page","status-publish","hentry"],"_links":{"self":[{"href":"https:\/\/instlam.org\/index.php\/wp-json\/wp\/v2\/pages\/386","targetHints":{"allow":["GET"]}}],"collection":[{"href":"https:\/\/instlam.org\/index.php\/wp-json\/wp\/v2\/pages"}],"about":[{"href":"https:\/\/instlam.org\/index.php\/wp-json\/wp\/v2\/types\/page"}],"author":[{"embeddable":true,"href":"https:\/\/instlam.org\/index.php\/wp-json\/wp\/v2\/users\/1"}],"replies":[{"embeddable":true,"href":"https:\/\/instlam.org\/index.php\/wp-json\/wp\/v2\/comments?post=386"}],"version-history":[{"count":0,"href":"https:\/\/instlam.org\/index.php\/wp-json\/wp\/v2\/pages\/386\/revisions"}],"wp:attachment":[{"href":"https:\/\/instlam.org\/index.php\/wp-json\/wp\/v2\/media?parent=386"}],"curies":[{"name":"wp","href":"https:\/\/api.w.org\/{rel}","templated":true}]}}