{"id":70,"date":"2020-05-11T08:58:33","date_gmt":"2020-05-11T08:58:33","guid":{"rendered":"https:\/\/stockholm28.qodeinteractive.com\/?page_id=70"},"modified":"2020-05-11T08:58:33","modified_gmt":"2020-05-11T08:58:33","slug":"sobre","status":"publish","type":"page","link":"https:\/\/instlam.org\/index.php\/sobre\/","title":{"rendered":"Sobre"},"content":{"rendered":"<style>\/*! elementor - v3.13.3 - 28-05-2023 *\/\n.elementor-widget-divider{--divider-border-style:none;--divider-border-width:1px;--divider-color:#0c0d0e;--divider-icon-size:20px;--divider-element-spacing:10px;--divider-pattern-height:24px;--divider-pattern-size:20px;--divider-pattern-url:none;--divider-pattern-repeat:repeat-x}.elementor-widget-divider .elementor-divider{display:flex}.elementor-widget-divider .elementor-divider__text{font-size:15px;line-height:1;max-width:95%}.elementor-widget-divider .elementor-divider__element{margin:0 var(--divider-element-spacing);flex-shrink:0}.elementor-widget-divider .elementor-icon{font-size:var(--divider-icon-size)}.elementor-widget-divider .elementor-divider-separator{display:flex;margin:0;direction:ltr}.elementor-widget-divider--view-line_icon .elementor-divider-separator,.elementor-widget-divider--view-line_text .elementor-divider-separator{align-items:center}.elementor-widget-divider--view-line_icon .elementor-divider-separator:after,.elementor-widget-divider--view-line_icon .elementor-divider-separator:before,.elementor-widget-divider--view-line_text .elementor-divider-separator:after,.elementor-widget-divider--view-line_text .elementor-divider-separator:before{display:block;content:\"\";border-bottom:0;flex-grow:1;border-top:var(--divider-border-width) var(--divider-border-style) var(--divider-color)}.elementor-widget-divider--element-align-left .elementor-divider .elementor-divider-separator>.elementor-divider__svg:first-of-type{flex-grow:0;flex-shrink:100}.elementor-widget-divider--element-align-left .elementor-divider-separator:before{content:none}.elementor-widget-divider--element-align-left .elementor-divider__element{margin-left:0}.elementor-widget-divider--element-align-right .elementor-divider .elementor-divider-separator>.elementor-divider__svg:last-of-type{flex-grow:0;flex-shrink:100}.elementor-widget-divider--element-align-right .elementor-divider-separator:after{content:none}.elementor-widget-divider--element-align-right .elementor-divider__element{margin-right:0}.elementor-widget-divider:not(.elementor-widget-divider--view-line_text):not(.elementor-widget-divider--view-line_icon) .elementor-divider-separator{border-top:var(--divider-border-width) var(--divider-border-style) var(--divider-color)}.elementor-widget-divider--separator-type-pattern{--divider-border-style:none}.elementor-widget-divider--separator-type-pattern.elementor-widget-divider--view-line .elementor-divider-separator,.elementor-widget-divider--separator-type-pattern:not(.elementor-widget-divider--view-line) .elementor-divider-separator:after,.elementor-widget-divider--separator-type-pattern:not(.elementor-widget-divider--view-line) .elementor-divider-separator:before,.elementor-widget-divider--separator-type-pattern:not([class*=elementor-widget-divider--view]) .elementor-divider-separator{width:100%;min-height:var(--divider-pattern-height);-webkit-mask-size:var(--divider-pattern-size) 100%;mask-size:var(--divider-pattern-size) 100%;-webkit-mask-repeat:var(--divider-pattern-repeat);mask-repeat:var(--divider-pattern-repeat);background-color:var(--divider-color);-webkit-mask-image:var(--divider-pattern-url);mask-image:var(--divider-pattern-url)}.elementor-widget-divider--no-spacing{--divider-pattern-size:auto}.elementor-widget-divider--bg-round{--divider-pattern-repeat:round}.rtl .elementor-widget-divider .elementor-divider__text{direction:rtl}.e-con-inner>.elementor-widget-divider,.e-con>.elementor-widget-divider{width:var(--container-widget-width,100%);--flex-grow:var(--container-widget-flex-grow)}<\/style>\n<style>\/*! elementor - v3.13.3 - 28-05-2023 *\/\n.elementor-heading-title{padding:0;margin:0;line-height:1}.elementor-widget-heading .elementor-heading-title[class*=elementor-size-]>a{color:inherit;font-size:inherit;line-height:inherit}.elementor-widget-heading .elementor-heading-title.elementor-size-small{font-size:15px}.elementor-widget-heading .elementor-heading-title.elementor-size-medium{font-size:19px}.elementor-widget-heading .elementor-heading-title.elementor-size-large{font-size:29px}.elementor-widget-heading .elementor-heading-title.elementor-size-xl{font-size:39px}.elementor-widget-heading .elementor-heading-title.elementor-size-xxl{font-size:59px}<\/style>\n<h4>sobre<br \/>n\u00f3s<\/h4>\n<p style=\"text-align: justify;\">O Instituto Latino-Americano para o Multilateralismo (ILAM) surge por iniciativa de integrantes da sociedade civil e da academia que compartilham o compromisso com os valores da Declara\u00e7\u00e3o Universal dos Direitos Humanos e o engajamento para a resolu\u00e7\u00e3o de problemas complexos e de conflitos atrav\u00e9s do di\u00e1logo e da coopera\u00e7\u00e3o internacional.<\/p>\n<p>\u00a0<\/p>\n<p style=\"text-align: justify;\">Nosso continente tem participado ativamente de institui\u00e7\u00f5es multilaterais h\u00e1 mais de um s\u00e9culo. Vinte pa\u00edses da regi\u00e3o integraram a Liga das Na\u00e7\u00f5es, e vinte dos 51 membros fundadores das Na\u00e7\u00f5es Unidas em 1945 eram da Am\u00e9rica Latina e do Caribe.<\/p>\n<p>\u00a0<\/p>\n<p style=\"text-align: justify;\">Nas \u00faltimas d\u00e9cadas ficou evidente que os diplomatas n\u00e3o t\u00eam mais o monop\u00f3lio da a\u00e7\u00e3o externa e que a sociedade civil tem um papel fundamental no funcionamento \u2013 e na defesa \u2013 do multilateralismo.<\/p>\n<p>\u00a0<\/p>\n<p style=\"text-align: justify;\">A ordem mundial multilateral surgida ap\u00f3s a Segunda Guerra Mundial est\u00e1 em crise. Como alertou o Secret\u00e1rio-Geral das Na\u00e7\u00f5es Unidas, Ant\u00f3nio Guterres, &#8220;a confian\u00e7a est\u00e1 em um ponto de ruptura: confian\u00e7a nas institui\u00e7\u00f5es nacionais, a confian\u00e7a entre os Estados, a na ordem global baseada em regras&#8221;. Em vez de abordagens compartilhadas para enfrentar os problemas globais &#8211; das mudan\u00e7as clim\u00e1ticas \u00e0s migra\u00e7\u00f5es em massa e difus\u00e3o de epidemias, da multiplica\u00e7\u00e3o de conflitos armados \u00e0s disputas comerciais \u2013 uma vis\u00e3o estreita dos interesses nacionais vem se impondo.<\/p>\n<p>\u00a0<\/p>\n<p style=\"text-align: justify;\">A linguagem do di\u00e1logo e da coopera\u00e7\u00e3o entre Estados e atores da sociedade civil est\u00e1 sendo sufocada pelo discurso do medo, do isolacionismo, da identifica\u00e7\u00e3o de bodes expiat\u00f3rios, pelo fundamentalismo religioso, pelo racismo e pela xenofobia. Demagogos e l\u00edderes autorit\u00e1rios v\u00eam consolidando seu poder com base em pol\u00edticas divisionistas. As institui\u00e7\u00f5es multilaterais, que encarnam uma vis\u00e3o cosmopolita e um modelo de rela\u00e7\u00f5es internacionais baseado no respeito de normas e direitos universais, est\u00e3o na linha de mira.<\/p>\n<p>\u00a0<\/p>\n<p style=\"text-align: justify;\">O Instituto Latino-Americano para o Multilateralismo visa constituir uma rede continental de pesquisadores, ativistas, entidades acad\u00eamicas e da sociedade civil. Vamos refletir sobre as quest\u00f5es mais prementes da atualidade internacional e interatuar com todos os atores que agem a n\u00edvel internacional: diplomatas, governos (locais, estaduais e nacionais), entidades da sociedade civil e empresariais.<\/p>\n<p>\u00a0<\/p>\n<p style=\"text-align: justify;\">O ILAM vai produzir conhecimento e organizar encontros relevantes, colocando em rede os diferentes atores comprometidos com a defesa dos valores da democracia e do multilateralismo.<\/p>\n","protected":false},"excerpt":{"rendered":"<p>sobren\u00f3s O Instituto Latino-Americano para o Multilateralismo (ILAM) surge por iniciativa de integrantes da sociedade civil e da academia que compartilham o compromisso com os valores da Declara\u00e7\u00e3o Universal dos Direitos Humanos e o engajamento para a resolu\u00e7\u00e3o de problemas complexos e de conflitos atrav\u00e9s do di\u00e1logo e da coopera\u00e7\u00e3o internacional. \u00a0 Nosso continente tem&hellip;<\/p>\n","protected":false},"author":1,"featured_media":0,"parent":0,"menu_order":0,"comment_status":"closed","ping_status":"closed","template":"full_width.php","meta":{"footnotes":""},"class_list":["post-70","page","type-page","status-publish","hentry"],"_links":{"self":[{"href":"https:\/\/instlam.org\/index.php\/wp-json\/wp\/v2\/pages\/70","targetHints":{"allow":["GET"]}}],"collection":[{"href":"https:\/\/instlam.org\/index.php\/wp-json\/wp\/v2\/pages"}],"about":[{"href":"https:\/\/instlam.org\/index.php\/wp-json\/wp\/v2\/types\/page"}],"author":[{"embeddable":true,"href":"https:\/\/instlam.org\/index.php\/wp-json\/wp\/v2\/users\/1"}],"replies":[{"embeddable":true,"href":"https:\/\/instlam.org\/index.php\/wp-json\/wp\/v2\/comments?post=70"}],"version-history":[{"count":0,"href":"https:\/\/instlam.org\/index.php\/wp-json\/wp\/v2\/pages\/70\/revisions"}],"wp:attachment":[{"href":"https:\/\/instlam.org\/index.php\/wp-json\/wp\/v2\/media?parent=70"}],"curies":[{"name":"wp","href":"https:\/\/api.w.org\/{rel}","templated":true}]}}